{"id":1054,"date":"2024-10-11T13:11:19","date_gmt":"2024-10-11T13:11:19","guid":{"rendered":"https:\/\/verticallimit.co\/?page_id=1054"},"modified":"2024-10-11T13:14:31","modified_gmt":"2024-10-11T13:14:31","slug":"services","status":"publish","type":"page","link":"https:\/\/verticallimit.co\/es\/services\/","title":{"rendered":"services"},"content":{"rendered":"<div data-elementor-type=\"wp-page\" data-elementor-id=\"1054\" class=\"elementor elementor-1054\">\n\t\t\t\t<div class=\"elementor-element elementor-element-41fb88a2 e-con-full e-flex wpr-particle-no wpr-jarallax-no wpr-parallax-no wpr-sticky-section-no e-con e-parent\" data-id=\"41fb88a2\" data-element_type=\"container\" data-settings=\"{&quot;background_background&quot;:&quot;classic&quot;}\">\n\t\t\t\t<div class=\"elementor-element elementor-element-4134b24e elementor-widget elementor-widget-heading\" data-id=\"4134b24e\" data-element_type=\"widget\" data-widget_type=\"heading.default\">\n\t\t\t\t<div class=\"elementor-widget-container\">\n\t\t\t<h2 class=\"elementor-heading-title elementor-size-default\">SERVICIOS<\/h2>\t\t<\/div>\n\t\t\t\t<\/div>\n\t\t\t\t<\/div>\n\t\t<div class=\"elementor-element elementor-element-5fcd4bac e-con-full e-flex wpr-particle-no wpr-jarallax-no wpr-parallax-no wpr-sticky-section-no e-con e-parent\" data-id=\"5fcd4bac\" data-element_type=\"container\">\n\t\t<div class=\"elementor-element elementor-element-4b2a6488 e-con-full e-flex wpr-particle-no wpr-jarallax-no wpr-parallax-no wpr-sticky-section-no e-con e-child\" data-id=\"4b2a6488\" data-element_type=\"container\">\n\t\t\t\t<div class=\"elementor-element elementor-element-2dd03b8d elementor-position-top elementor-widget elementor-widget-image-box\" data-id=\"2dd03b8d\" data-element_type=\"widget\" data-widget_type=\"image-box.default\">\n\t\t\t\t<div class=\"elementor-widget-container\">\n\t\t\t<div class=\"elementor-image-box-wrapper\"><figure class=\"elementor-image-box-img\"><a href=\"https:\/\/verticallimit.co\/es\/\" tabindex=\"-1\"><img fetchpriority=\"high\" decoding=\"async\" width=\"1280\" height=\"597\" src=\"https:\/\/verticallimit.co\/wp-content\/uploads\/2024\/10\/a23c949cda88993875c49cf9a453f594ffb4b0abbaac998c142fa30c903b43c4d4776646.webp\" class=\"attachment-full size-full wp-image-839\" alt=\"\" \/><\/a><\/figure><div class=\"elementor-image-box-content\"><h3 class=\"elementor-image-box-title\"><a href=\"https:\/\/verticallimit.co\/es\/\">FONTANER\u00cdA, DRENAJES Y LIMPIEZA DE AGUA<\/a><\/h3><p class=\"elementor-image-box-description\">Ofrecemos soluciones integrales para fontaner\u00eda, desatasco de drenajes y limpieza de da\u00f1os por agua. Nuestro equipo de expertos est\u00e1 disponible para abordar cualquier problema de manera r\u00e1pida y eficiente, asegurando que su hogar o negocio vuelva a la normalidad sin complicaciones.<\/p><\/div><\/div>\t\t<\/div>\n\t\t\t\t<\/div>\n\t\t\t\t<div class=\"elementor-element elementor-element-61f0e184 elementor-position-top elementor-widget elementor-widget-image-box\" data-id=\"61f0e184\" data-element_type=\"widget\" data-widget_type=\"image-box.default\">\n\t\t\t\t<div class=\"elementor-widget-container\">\n\t\t\t<div class=\"elementor-image-box-wrapper\"><figure class=\"elementor-image-box-img\"><img decoding=\"async\" width=\"1280\" height=\"597\" src=\"https:\/\/verticallimit.co\/wp-content\/uploads\/2024\/10\/Frame-3.png\" class=\"attachment-full size-full wp-image-849\" alt=\"\" \/><\/figure><div class=\"elementor-image-box-content\"><h3 class=\"elementor-image-box-title\">NUEVA CONSTRUCCI\u00d3N<\/h3><p class=\"elementor-image-box-description\">Nos especializamos en proyectos de construcci\u00f3n nueva residencial y comercial. Desde la fase de dise\u00f1o hasta la entrega final, nos aseguramos de que cada detalle se ejecute con la m\u00e1s alta calidad, cumpliendo con los est\u00e1ndares locales de seguridad y construcci\u00f3n.<\/p><\/div><\/div>\t\t<\/div>\n\t\t\t\t<\/div>\n\t\t\t\t<div class=\"elementor-element elementor-element-394d51b1 elementor-position-top elementor-widget elementor-widget-image-box\" data-id=\"394d51b1\" data-element_type=\"widget\" data-widget_type=\"image-box.default\">\n\t\t\t\t<div class=\"elementor-widget-container\">\n\t\t\t<div class=\"elementor-image-box-wrapper\"><figure class=\"elementor-image-box-img\"><img decoding=\"async\" width=\"1280\" height=\"597\" src=\"https:\/\/verticallimit.co\/wp-content\/uploads\/2024\/10\/Frame-5-2.png\" class=\"attachment-full size-full wp-image-969\" alt=\"\" \/><\/figure><div class=\"elementor-image-box-content\"><h3 class=\"elementor-image-box-title\">DA\u00d1OS POR AGUA<\/h3><p class=\"elementor-image-box-description\">En Vertical Limit, restauramos propiedades da\u00f1adas por agua, desde inundaciones hasta filtraciones. Nuestro equipo responde r\u00e1pidamente para secar las \u00e1reas afectadas, prevenir da\u00f1os adicionales y restaurar su propiedad de manera segura y eficiente.<\/p><\/div><\/div>\t\t<\/div>\n\t\t\t\t<\/div>\n\t\t\t\t<\/div>\n\t\t<div class=\"elementor-element elementor-element-5bf676e7 e-con-full e-flex wpr-particle-no wpr-jarallax-no wpr-parallax-no wpr-sticky-section-no e-con e-child\" data-id=\"5bf676e7\" data-element_type=\"container\">\n\t\t\t\t<div class=\"elementor-element elementor-element-7f63f627 elementor-position-top elementor-widget elementor-widget-image-box\" data-id=\"7f63f627\" data-element_type=\"widget\" data-widget_type=\"image-box.default\">\n\t\t\t\t<div class=\"elementor-widget-container\">\n\t\t\t<div class=\"elementor-image-box-wrapper\"><figure class=\"elementor-image-box-img\"><img loading=\"lazy\" decoding=\"async\" width=\"1024\" height=\"478\" src=\"https:\/\/verticallimit.co\/wp-content\/uploads\/2024\/10\/Frame-2.png\" class=\"attachment-large size-large wp-image-848\" alt=\"\" \/><\/figure><div class=\"elementor-image-box-content\"><h3 class=\"elementor-image-box-title\">AIRE ACONDICIONADO<\/h3><p class=\"elementor-image-box-description\">Proporcionamos instalaci\u00f3n, reparaci\u00f3n y mantenimiento de sistemas de aire acondicionado para garantizar un ambiente confortable durante todo el a\u00f1o. Utilizamos las \u00faltimas tecnolog\u00edas para ofrecer soluciones eficientes en energ\u00eda y confiables.<\/p><\/div><\/div>\t\t<\/div>\n\t\t\t\t<\/div>\n\t\t\t\t<div class=\"elementor-element elementor-element-4561f0c elementor-position-top elementor-widget elementor-widget-image-box\" data-id=\"4561f0c\" data-element_type=\"widget\" data-widget_type=\"image-box.default\">\n\t\t\t\t<div class=\"elementor-widget-container\">\n\t\t\t<div class=\"elementor-image-box-wrapper\"><figure class=\"elementor-image-box-img\"><img loading=\"lazy\" decoding=\"async\" width=\"1024\" height=\"478\" src=\"https:\/\/verticallimit.co\/wp-content\/uploads\/2024\/10\/Frame-4-1.png\" class=\"attachment-large size-large wp-image-850\" alt=\"\" \/><\/figure><div class=\"elementor-image-box-content\"><h3 class=\"elementor-image-box-title\">REMODELACI\u00d3N<\/h3><p class=\"elementor-image-box-description\">Transformamos espacios existentes para satisfacer sus necesidades y preferencias. Nuestro equipo est\u00e1 especializado en remodelaci\u00f3n interior y exterior, mejorando tanto la funcionalidad como el dise\u00f1o, mientras modernizamos su propiedad.<\/p><\/div><\/div>\t\t<\/div>\n\t\t\t\t<\/div>\n\t\t\t\t<div class=\"elementor-element elementor-element-3098fbe5 elementor-position-top elementor-widget elementor-widget-image-box\" data-id=\"3098fbe5\" data-element_type=\"widget\" data-widget_type=\"image-box.default\">\n\t\t\t\t<div class=\"elementor-widget-container\">\n\t\t\t<div class=\"elementor-image-box-wrapper\"><figure class=\"elementor-image-box-img\"><img loading=\"lazy\" decoding=\"async\" width=\"1024\" height=\"478\" src=\"https:\/\/verticallimit.co\/wp-content\/uploads\/2024\/10\/Frame-6.png\" class=\"attachment-large size-large wp-image-970\" alt=\"\" \/><\/figure><div class=\"elementor-image-box-content\"><h3 class=\"elementor-image-box-title\">REMEDIACI\u00d3N DE MOHO<\/h3><p class=\"elementor-image-box-description\">Eliminamos el moho de manera segura para proteger su salud y su propiedad. Utilizando t\u00e9cnicas especializadas, limpiamos y prevenimos el crecimiento futuro, asegurando un ambiente limpio y seguro.<\/p><\/div><\/div>\t\t<\/div>\n\t\t\t\t<\/div>\n\t\t\t\t<\/div>\n\t\t\t\t<\/div>\n\t\t\t\t<\/div>","protected":false},"excerpt":{"rendered":"<p>SERVICES PLUMBING, DRAINS &#038; WATER CLEANUP We offer comprehensive solutions for plumbing, drain unclogging, and water damage cleanup. Our team of experts is available to quickly and efficiently address any issue, ensuring your home or business is back to normal without hassle NEW CONSTRUCTION We specialize in residential and commercial new construction projects. From the design phase to final delivery, we ensure that every detail is executed with the highest quality, meeting local safety and construction standards. WATER DAMAGE At Vertical Limit, we restore water-damaged properties from floods to leaks. Our team responds quickly to dry affected areas, prevent further damage, and restore your property safely and efficiently. AIR CONDITIONING We provide installation, repair, and maintenance of air conditioning systems to ensure a comfortable environment year-round. We use the latest technologies to deliver energy-efficient and reliable solutions REMODELING We transform existing spaces to meet your needs and preferences. Our team is skilled in interior and exterior remodeling, enhancing both functionality and design while modernizing your property. MOLD REMEDIATION We safely remove mold to protect your health and property. Using specialized techniques, we clean and prevent future growth, ensuring a clean and safe environment.<\/p>","protected":false},"author":1,"featured_media":0,"parent":0,"menu_order":0,"comment_status":"closed","ping_status":"closed","template":"","meta":{"site-sidebar-layout":"no-sidebar","site-content-layout":"page-builder","ast-site-content-layout":"full-width-container","site-content-style":"default","site-sidebar-style":"default","ast-global-header-display":"","ast-banner-title-visibility":"","ast-main-header-display":"","ast-hfb-above-header-display":"","ast-hfb-below-header-display":"","ast-hfb-mobile-header-display":"","site-post-title":"disabled","ast-breadcrumbs-content":"","ast-featured-img":"disabled","footer-sml-layout":"","theme-transparent-header-meta":"","adv-header-id-meta":"","stick-header-meta":"","header-above-stick-meta":"","header-main-stick-meta":"","header-below-stick-meta":"","astra-migrate-meta-layouts":"set","ast-page-background-enabled":"default","ast-page-background-meta":{"desktop":{"background-color":"","background-image":"","background-repeat":"repeat","background-position":"center center","background-size":"auto","background-attachment":"scroll","background-type":"","background-media":"","overlay-type":"","overlay-color":"","overlay-opacity":"","overlay-gradient":""},"tablet":{"background-color":"","background-image":"","background-repeat":"repeat","background-position":"center center","background-size":"auto","background-attachment":"scroll","background-type":"","background-media":"","overlay-type":"","overlay-color":"","overlay-opacity":"","overlay-gradient":""},"mobile":{"background-color":"","background-image":"","background-repeat":"repeat","background-position":"center center","background-size":"auto","background-attachment":"scroll","background-type":"","background-media":"","overlay-type":"","overlay-color":"","overlay-opacity":"","overlay-gradient":""}},"ast-content-background-meta":{"desktop":{"background-color":"var(--ast-global-color-5)","background-image":"","background-repeat":"repeat","background-position":"center center","background-size":"auto","background-attachment":"scroll","background-type":"","background-media":"","overlay-type":"","overlay-color":"","overlay-opacity":"","overlay-gradient":""},"tablet":{"background-color":"var(--ast-global-color-5)","background-image":"","background-repeat":"repeat","background-position":"center center","background-size":"auto","background-attachment":"scroll","background-type":"","background-media":"","overlay-type":"","overlay-color":"","overlay-opacity":"","overlay-gradient":""},"mobile":{"background-color":"var(--ast-global-color-5)","background-image":"","background-repeat":"repeat","background-position":"center center","background-size":"auto","background-attachment":"scroll","background-type":"","background-media":"","overlay-type":"","overlay-color":"","overlay-opacity":"","overlay-gradient":""}},"_joinchat":[],"footnotes":""},"class_list":["post-1054","page","type-page","status-publish","hentry"],"_links":{"self":[{"href":"https:\/\/verticallimit.co\/es\/wp-json\/wp\/v2\/pages\/1054","targetHints":{"allow":["GET"]}}],"collection":[{"href":"https:\/\/verticallimit.co\/es\/wp-json\/wp\/v2\/pages"}],"about":[{"href":"https:\/\/verticallimit.co\/es\/wp-json\/wp\/v2\/types\/page"}],"author":[{"embeddable":true,"href":"https:\/\/verticallimit.co\/es\/wp-json\/wp\/v2\/users\/1"}],"replies":[{"embeddable":true,"href":"https:\/\/verticallimit.co\/es\/wp-json\/wp\/v2\/comments?post=1054"}],"version-history":[{"count":7,"href":"https:\/\/verticallimit.co\/es\/wp-json\/wp\/v2\/pages\/1054\/revisions"}],"predecessor-version":[{"id":1062,"href":"https:\/\/verticallimit.co\/es\/wp-json\/wp\/v2\/pages\/1054\/revisions\/1062"}],"wp:attachment":[{"href":"https:\/\/verticallimit.co\/es\/wp-json\/wp\/v2\/media?parent=1054"}],"curies":[{"name":"wp","href":"https:\/\/api.w.org\/{rel}","templated":true}]}}